{"id":17364,"date":"2024-10-08T09:15:50","date_gmt":"2024-10-08T09:15:50","guid":{"rendered":"https:\/\/techvitas.w-i.lt\/karjera\/"},"modified":"2026-01-06T14:16:02","modified_gmt":"2026-01-06T14:16:02","slug":"career","status":"publish","type":"page","link":"https:\/\/www.techvitas.com\/en\/career\/","title":{"rendered":"Career"},"content":{"rendered":"\n<p><strong>We value specialists in our field!<\/strong><\/p>\n\n\n\n<p>The international company Techvitas supplies industrial components and provides robotization and production automation services to industrial companies throughout Lithuania, as well as in Latvia, Estonia, Poland and Ukraine. Our strength is professional sales engineers, strong supply department and responsible and competent support staff.<\/p>\n\n\n\n<p>Currently, there are more than 60 employees working in Lithuania, but we are constantly looking for professional employees who work according to high operational standards, aiming for the best results. At Techvitas, you can realize yourself in the fields of engineering, logistics, and management. Each of our employees has the opportunity to gain practical work experience, depending on the field they choose, and to move up the career ladder.<\/p>\n\n\n\n<p>If you are creative, energetic, responsible and proactive, have innovative ideas and want to join our team:<\/p>\n\n\n\n<ul class=\"wp-block-list\">\n<li>send your CV by e-mail: <a href=\"mailto:personalas@techvitas.lt\"><strong>personalas@techvitas.lt<\/strong><\/a>,<\/li>\n\n\n\n<li>call us: <strong>+370 655 73316<\/strong>.<\/li>\n<\/ul>\n\n\n\n<p>Our company has offices in Vilnius, Kaunas, Klaip\u0117da, \u0160iauliai, Panev\u0117\u017eys, Utena, and operates throughout Lithuania.\u00a0<\/p>\n\n\n\n<p>Realize yourself in an innovative company!<\/p>\n\n\n\n<figure class=\"wp-block-gallery has-nested-images columns-default is-cropped wp-block-gallery-1 is-layout-flex wp-block-gallery-is-layout-flex\">\n<figure class=\"wp-block-image size-large\"><img loading=\"lazy\" decoding=\"async\" width=\"548\" height=\"360\" data-id=\"2301\" src=\"https:\/\/techvitas.w-i.lt\/wp-content\/uploads\/2025\/05\/Schunk-SVH-gripper-543x360-1.jpg\" alt=\"\" class=\"wp-image-2301\" srcset=\"https:\/\/www.techvitas.com\/wp-content\/uploads\/2025\/05\/Schunk-SVH-gripper-543x360-1.jpg 548w, https:\/\/www.techvitas.com\/wp-content\/uploads\/2025\/05\/Schunk-SVH-gripper-543x360-1-300x197.jpg 300w\" sizes=\"auto, (max-width: 548px) 100vw, 548px\" \/><\/figure>\n\n\n\n<figure class=\"wp-block-image size-large\"><img loading=\"lazy\" decoding=\"async\" width=\"540\" height=\"360\" data-id=\"2293\" src=\"https:\/\/techvitas.w-i.lt\/wp-content\/uploads\/2025\/05\/Schunk-SVH-540x360-1.jpg\" alt=\"\" class=\"wp-image-2293\" srcset=\"https:\/\/www.techvitas.com\/wp-content\/uploads\/2025\/05\/Schunk-SVH-540x360-1.jpg 540w, https:\/\/www.techvitas.com\/wp-content\/uploads\/2025\/05\/Schunk-SVH-540x360-1-300x200.jpg 300w\" sizes=\"auto, (max-width: 540px) 100vw, 540px\" \/><\/figure>\n\n\n\n<figure class=\"wp-block-image size-large\"><img loading=\"lazy\" decoding=\"async\" width=\"467\" height=\"360\" data-id=\"2287\" src=\"https:\/\/techvitas.w-i.lt\/wp-content\/uploads\/2025\/05\/Bionic-hand-SVH-Schunk-467x360-1.jpg\" alt=\"\" class=\"wp-image-2287\" srcset=\"https:\/\/www.techvitas.com\/wp-content\/uploads\/2025\/05\/Bionic-hand-SVH-Schunk-467x360-1.jpg 467w, https:\/\/www.techvitas.com\/wp-content\/uploads\/2025\/05\/Bionic-hand-SVH-Schunk-467x360-1-300x231.jpg 300w\" sizes=\"auto, (max-width: 467px) 100vw, 467px\" \/><\/figure>\n\n\n\n<figure class=\"wp-block-image size-large\"><img loading=\"lazy\" decoding=\"async\" width=\"478\" height=\"321\" data-id=\"1900\" src=\"https:\/\/techvitas.w-i.lt\/wp-content\/uploads\/2025\/03\/UR30-kolaboratyvus-robotas8-478x321-1.png\" alt=\"\" class=\"wp-image-1900\" srcset=\"https:\/\/www.techvitas.com\/wp-content\/uploads\/2025\/03\/UR30-kolaboratyvus-robotas8-478x321-1.png 478w, https:\/\/www.techvitas.com\/wp-content\/uploads\/2025\/03\/UR30-kolaboratyvus-robotas8-478x321-1-300x201.png 300w\" sizes=\"auto, (max-width: 478px) 100vw, 478px\" \/><\/figure>\n\n\n\n<figure class=\"wp-block-image size-large\"><img loading=\"lazy\" decoding=\"async\" width=\"649\" height=\"383\" data-id=\"1870\" src=\"https:\/\/techvitas.w-i.lt\/wp-content\/uploads\/2025\/03\/ur20-cobot-smaller-649x383-1.jpg\" alt=\"\" class=\"wp-image-1870\" srcset=\"https:\/\/www.techvitas.com\/wp-content\/uploads\/2025\/03\/ur20-cobot-smaller-649x383-1.jpg 649w, https:\/\/www.techvitas.com\/wp-content\/uploads\/2025\/03\/ur20-cobot-smaller-649x383-1-300x177.jpg 300w\" sizes=\"auto, (max-width: 649px) 100vw, 649px\" \/><\/figure>\n<\/figure>\n","protected":false},"excerpt":{"rendered":"<p>We value specialists in our field! The international company Techvitas supplies industrial components and provides robotization and production automation services to industrial companies throughout Lithuania, as well as in Latvia, Estonia, Poland and Ukraine. Our strength is professional sales engineers, strong supply department and responsible and competent support staff. Currently, there are more than 60 &hellip; <a href=\"https:\/\/www.techvitas.com\/en\/career\/\">Continued<\/a><\/p>\n","protected":false},"author":1,"featured_media":0,"parent":0,"menu_order":0,"comment_status":"closed","ping_status":"closed","template":"","meta":{"_acf_changed":false,"inline_featured_image":false,"footnotes":""},"class_list":["post-17364","page","type-page","status-publish","hentry"],"acf":[],"yoast_head":"<!-- This site is optimized with the Yoast SEO plugin v24.8.1 - https:\/\/yoast.com\/wordpress\/plugins\/seo\/ -->\n<title>Career - Techvitas<\/title>\n<meta name=\"robots\" content=\"index, follow, max-snippet:-1, max-image-preview:large, max-video-preview:-1\" \/>\n<link rel=\"canonical\" href=\"https:\/\/www.techvitas.com\/en\/career\/\" \/>\n<meta property=\"og:locale\" content=\"en_US\" \/>\n<meta property=\"og:type\" content=\"article\" \/>\n<meta property=\"og:title\" content=\"Career - Techvitas\" \/>\n<meta property=\"og:description\" content=\"We value specialists in our field! The international company Techvitas supplies industrial components and provides robotization and production automation services to industrial companies throughout Lithuania, as well as in Latvia, Estonia, Poland and Ukraine. Our strength is professional sales engineers, strong supply department and responsible and competent support staff. Currently, there are more than 60 &hellip; Continued\" \/>\n<meta property=\"og:url\" content=\"https:\/\/www.techvitas.com\/en\/career\/\" \/>\n<meta property=\"og:site_name\" content=\"Techvitas\" \/>\n<meta property=\"article:modified_time\" content=\"2026-01-06T14:16:02+00:00\" \/>\n<meta property=\"og:image\" content=\"https:\/\/www.techvitas.com\/wp-content\/uploads\/2025\/05\/Schunk-SVH-gripper-543x360-1.jpg\" \/>\n\t<meta property=\"og:image:width\" content=\"548\" \/>\n\t<meta property=\"og:image:height\" content=\"360\" \/>\n\t<meta property=\"og:image:type\" content=\"image\/jpeg\" \/>\n<meta name=\"twitter:card\" content=\"summary_large_image\" \/>\n<meta name=\"twitter:label1\" content=\"Est. reading time\" \/>\n\t<meta name=\"twitter:data1\" content=\"2 minutes\" \/>\n<script type=\"application\/ld+json\" class=\"yoast-schema-graph\">{\"@context\":\"https:\/\/schema.org\",\"@graph\":[{\"@type\":\"WebPage\",\"@id\":\"https:\/\/www.techvitas.com\/en\/career\/\",\"url\":\"https:\/\/www.techvitas.com\/en\/career\/\",\"name\":\"Career - Techvitas\",\"isPartOf\":{\"@id\":\"https:\/\/www.techvitas.com\/en\/#website\"},\"primaryImageOfPage\":{\"@id\":\"https:\/\/www.techvitas.com\/en\/career\/#primaryimage\"},\"image\":{\"@id\":\"https:\/\/www.techvitas.com\/en\/career\/#primaryimage\"},\"thumbnailUrl\":\"https:\/\/techvitas.w-i.lt\/wp-content\/uploads\/2025\/05\/Schunk-SVH-gripper-543x360-1.jpg\",\"datePublished\":\"2024-10-08T09:15:50+00:00\",\"dateModified\":\"2026-01-06T14:16:02+00:00\",\"breadcrumb\":{\"@id\":\"https:\/\/www.techvitas.com\/en\/career\/#breadcrumb\"},\"inLanguage\":\"en-US\",\"potentialAction\":[{\"@type\":\"ReadAction\",\"target\":[\"https:\/\/www.techvitas.com\/en\/career\/\"]}]},{\"@type\":\"ImageObject\",\"inLanguage\":\"en-US\",\"@id\":\"https:\/\/www.techvitas.com\/en\/career\/#primaryimage\",\"url\":\"https:\/\/techvitas.w-i.lt\/wp-content\/uploads\/2025\/05\/Schunk-SVH-gripper-543x360-1.jpg\",\"contentUrl\":\"https:\/\/techvitas.w-i.lt\/wp-content\/uploads\/2025\/05\/Schunk-SVH-gripper-543x360-1.jpg\"},{\"@type\":\"BreadcrumbList\",\"@id\":\"https:\/\/www.techvitas.com\/en\/career\/#breadcrumb\",\"itemListElement\":[{\"@type\":\"ListItem\",\"position\":1,\"name\":\"Home\",\"item\":\"https:\/\/www.techvitas.com\/en\/titulinis\/\"},{\"@type\":\"ListItem\",\"position\":2,\"name\":\"Career\"}]},{\"@type\":\"WebSite\",\"@id\":\"https:\/\/www.techvitas.com\/en\/#website\",\"url\":\"https:\/\/www.techvitas.com\/en\/\",\"name\":\"Techvitas\",\"description\":\"\",\"potentialAction\":[{\"@type\":\"SearchAction\",\"target\":{\"@type\":\"EntryPoint\",\"urlTemplate\":\"https:\/\/www.techvitas.com\/en\/?s={search_term_string}\"},\"query-input\":{\"@type\":\"PropertyValueSpecification\",\"valueRequired\":true,\"valueName\":\"search_term_string\"}}],\"inLanguage\":\"en-US\"}]}<\/script>\n<!-- \/ Yoast SEO plugin. -->","yoast_head_json":{"title":"Career - Techvitas","robots":{"index":"index","follow":"follow","max-snippet":"max-snippet:-1","max-image-preview":"max-image-preview:large","max-video-preview":"max-video-preview:-1"},"canonical":"https:\/\/www.techvitas.com\/en\/career\/","og_locale":"en_US","og_type":"article","og_title":"Career - Techvitas","og_description":"We value specialists in our field! The international company Techvitas supplies industrial components and provides robotization and production automation services to industrial companies throughout Lithuania, as well as in Latvia, Estonia, Poland and Ukraine. Our strength is professional sales engineers, strong supply department and responsible and competent support staff. Currently, there are more than 60 &hellip; Continued","og_url":"https:\/\/www.techvitas.com\/en\/career\/","og_site_name":"Techvitas","article_modified_time":"2026-01-06T14:16:02+00:00","og_image":[{"width":548,"height":360,"url":"https:\/\/www.techvitas.com\/wp-content\/uploads\/2025\/05\/Schunk-SVH-gripper-543x360-1.jpg","type":"image\/jpeg"}],"twitter_card":"summary_large_image","twitter_misc":{"Est. reading time":"2 minutes"},"schema":{"@context":"https:\/\/schema.org","@graph":[{"@type":"WebPage","@id":"https:\/\/www.techvitas.com\/en\/career\/","url":"https:\/\/www.techvitas.com\/en\/career\/","name":"Career - Techvitas","isPartOf":{"@id":"https:\/\/www.techvitas.com\/en\/#website"},"primaryImageOfPage":{"@id":"https:\/\/www.techvitas.com\/en\/career\/#primaryimage"},"image":{"@id":"https:\/\/www.techvitas.com\/en\/career\/#primaryimage"},"thumbnailUrl":"https:\/\/techvitas.w-i.lt\/wp-content\/uploads\/2025\/05\/Schunk-SVH-gripper-543x360-1.jpg","datePublished":"2024-10-08T09:15:50+00:00","dateModified":"2026-01-06T14:16:02+00:00","breadcrumb":{"@id":"https:\/\/www.techvitas.com\/en\/career\/#breadcrumb"},"inLanguage":"en-US","potentialAction":[{"@type":"ReadAction","target":["https:\/\/www.techvitas.com\/en\/career\/"]}]},{"@type":"ImageObject","inLanguage":"en-US","@id":"https:\/\/www.techvitas.com\/en\/career\/#primaryimage","url":"https:\/\/techvitas.w-i.lt\/wp-content\/uploads\/2025\/05\/Schunk-SVH-gripper-543x360-1.jpg","contentUrl":"https:\/\/techvitas.w-i.lt\/wp-content\/uploads\/2025\/05\/Schunk-SVH-gripper-543x360-1.jpg"},{"@type":"BreadcrumbList","@id":"https:\/\/www.techvitas.com\/en\/career\/#breadcrumb","itemListElement":[{"@type":"ListItem","position":1,"name":"Home","item":"https:\/\/www.techvitas.com\/en\/titulinis\/"},{"@type":"ListItem","position":2,"name":"Career"}]},{"@type":"WebSite","@id":"https:\/\/www.techvitas.com\/en\/#website","url":"https:\/\/www.techvitas.com\/en\/","name":"Techvitas","description":"","potentialAction":[{"@type":"SearchAction","target":{"@type":"EntryPoint","urlTemplate":"https:\/\/www.techvitas.com\/en\/?s={search_term_string}"},"query-input":{"@type":"PropertyValueSpecification","valueRequired":true,"valueName":"search_term_string"}}],"inLanguage":"en-US"}]}},"_links":{"self":[{"href":"https:\/\/www.techvitas.com\/en\/wp-json\/wp\/v2\/pages\/17364","targetHints":{"allow":["GET"]}}],"collection":[{"href":"https:\/\/www.techvitas.com\/en\/wp-json\/wp\/v2\/pages"}],"about":[{"href":"https:\/\/www.techvitas.com\/en\/wp-json\/wp\/v2\/types\/page"}],"author":[{"embeddable":true,"href":"https:\/\/www.techvitas.com\/en\/wp-json\/wp\/v2\/users\/1"}],"replies":[{"embeddable":true,"href":"https:\/\/www.techvitas.com\/en\/wp-json\/wp\/v2\/comments?post=17364"}],"version-history":[{"count":3,"href":"https:\/\/www.techvitas.com\/en\/wp-json\/wp\/v2\/pages\/17364\/revisions"}],"predecessor-version":[{"id":17430,"href":"https:\/\/www.techvitas.com\/en\/wp-json\/wp\/v2\/pages\/17364\/revisions\/17430"}],"wp:attachment":[{"href":"https:\/\/www.techvitas.com\/en\/wp-json\/wp\/v2\/media?parent=17364"}],"curies":[{"name":"wp","href":"https:\/\/api.w.org\/{rel}","templated":true}]}}